{"id":922,"date":"2019-08-27T10:41:35","date_gmt":"2019-08-27T10:41:35","guid":{"rendered":"https:\/\/leichtathletik-in-frankenberg.de\/?page_id=922"},"modified":"2025-03-30T18:25:35","modified_gmt":"2025-03-30T18:25:35","slug":"denk-daran","status":"publish","type":"page","link":"https:\/\/leichtathletik-in-frankenberg.de\/?page_id=922","title":{"rendered":"Das bewegt uns:"},"content":{"rendered":"\n<p><\/p>\n\n\n\n<p><strong><em>Handy im Stra\u00dfenverkehr<\/em><\/strong> :<\/p>\n\n\n\n<p>F\u00fcr jeden Verkehrsteilnehmer sollte es selbstverst\u00e4ndlich sein. <\/p>\n\n\n\n<p>Trotzdem m\u00f6chten wir unsere Website nutzen und noch einmal an alle appellieren, die eine Fahrerlaubnis haben: &#8222;Kopf hoch! Das Handy kann warten!&#8220;.  <\/p>\n\n\n\n<p><\/p>\n\n\n\n<figure class=\"wp-block-image is-resized\"><img loading=\"lazy\" decoding=\"async\" width=\"640\" height=\"905\" src=\"https:\/\/leichtathletik-in-frankenberg.de\/wp-content\/uploads\/2019\/08\/kopfhochx640.jpg\" alt=\"\" class=\"wp-image-918\" style=\"width:327px;height:473px\" srcset=\"https:\/\/leichtathletik-in-frankenberg.de\/wp-content\/uploads\/2019\/08\/kopfhochx640.jpg 640w, https:\/\/leichtathletik-in-frankenberg.de\/wp-content\/uploads\/2019\/08\/kopfhochx640-212x300.jpg 212w\" sizes=\"auto, (max-width: 640px) 100vw, 640px\" \/><\/figure>\n","protected":false},"excerpt":{"rendered":"<p>Handy im Stra\u00dfenverkehr : F\u00fcr jeden Verkehrsteilnehmer sollte es selbstverst\u00e4ndlich sein. Trotzdem m\u00f6chten wir unsere Website nutzen und noch einmal an alle appellieren, die eine Fahrerlaubnis haben: &#8222;Kopf hoch! Das Handy kann warten!&#8220;.<\/p>\n","protected":false},"author":1,"featured_media":0,"parent":0,"menu_order":0,"comment_status":"closed","ping_status":"closed","template":"","meta":{"footnotes":""},"class_list":["post-922","page","type-page","status-publish","hentry"],"jetpack_sharing_enabled":true,"_links":{"self":[{"href":"https:\/\/leichtathletik-in-frankenberg.de\/index.php?rest_route=\/wp\/v2\/pages\/922","targetHints":{"allow":["GET"]}}],"collection":[{"href":"https:\/\/leichtathletik-in-frankenberg.de\/index.php?rest_route=\/wp\/v2\/pages"}],"about":[{"href":"https:\/\/leichtathletik-in-frankenberg.de\/index.php?rest_route=\/wp\/v2\/types\/page"}],"author":[{"embeddable":true,"href":"https:\/\/leichtathletik-in-frankenberg.de\/index.php?rest_route=\/wp\/v2\/users\/1"}],"replies":[{"embeddable":true,"href":"https:\/\/leichtathletik-in-frankenberg.de\/index.php?rest_route=%2Fwp%2Fv2%2Fcomments&post=922"}],"version-history":[{"count":10,"href":"https:\/\/leichtathletik-in-frankenberg.de\/index.php?rest_route=\/wp\/v2\/pages\/922\/revisions"}],"predecessor-version":[{"id":3538,"href":"https:\/\/leichtathletik-in-frankenberg.de\/index.php?rest_route=\/wp\/v2\/pages\/922\/revisions\/3538"}],"wp:attachment":[{"href":"https:\/\/leichtathletik-in-frankenberg.de\/index.php?rest_route=%2Fwp%2Fv2%2Fmedia&parent=922"}],"curies":[{"name":"wp","href":"https:\/\/api.w.org\/{rel}","templated":true}]}}