{"id":72,"date":"2019-05-17T13:35:40","date_gmt":"2019-05-17T13:35:40","guid":{"rendered":"http:\/\/leichtathletik-in-frankenberg.de\/?page_id=72"},"modified":"2020-02-12T14:28:06","modified_gmt":"2020-02-12T14:28:06","slug":"40-veranstaltung-2019","status":"publish","type":"page","link":"https:\/\/leichtathletik-in-frankenberg.de\/?page_id=72","title":{"rendered":"40. Veranstaltung (2019)"},"content":{"rendered":"\n<p class=\"has-medium-font-size\"><em><strong>Strassenlauf<\/strong><\/em><\/p>\n\n\n\n<div class=\"wp-block-button is-style-default\"><a class=\"wp-block-button__link has-text-color has-very-light-gray-color has-background has-vivid-cyan-blue-background-color\" href=\"http:\/\/leichtathletik-in-frankenberg.de\/?page_id=90(\u00f6ffnet in neuem Tab)\" rel=\"https:\/\/leichtathletik-in-frankenberg.de\/?page_id=90\">Hier geht es zu den Ergebnissen<\/a><\/div>\n\n\n\n<p><\/p>\n\n\n\n<hr class=\"wp-block-separator\"\/>\n\n\n\n<p><\/p>\n\n\n\n<p class=\"has-medium-font-size\"><em><strong>Start der Bambinis am 31.03.2019<\/strong><\/em><\/p>\n\n\n\n<div class=\"wp-block-media-text alignwide\" style=\"grid-template-columns:92% auto\"><figure class=\"wp-block-media-text__media\"><video controls src=\"http:\/\/leichtathletik-in-frankenberg.de\/wp-content\/uploads\/2019\/05\/Frankenberger-Stra\u00dfenlauf-\u2014-WordPress.com_.mp4\"><\/video><\/figure><div class=\"wp-block-media-text__content\">\n<p class=\"has-large-font-size\"><\/p>\n<\/div><\/div>\n\n\n\n<hr class=\"wp-block-separator\"\/>\n\n\n\n<p class=\"has-medium-font-size\"><em><strong>Elektronische Zeitmessung versagte beim Hauptlauf:<\/strong><\/em><\/p>\n\n\n\n<p>Dummerweise l\u00e4uft nicht immer alles so, wie man es geplant hat.  Leider versagte am Wettkampftag die Technik. Doch Dank hervorragendem Einsatz  unserer Wettkampfrichter und Helfer an der Strecke konnten wir die Daten  des Hauptlaufes manuell ermitteln und verarbeiten. Bei einem super gut  besetzem Teilnehmerfeld von 170 L\u00e4ufern dauerte so etwas seine Zeit. <\/p>\n\n\n\n<p>Einfaches Rechenbeispiel: bei pro Teilnehmer mindestens einer Minute \nBearbeitungszeit, ergibt das mindestens 170 Minuten oder fast drei \nStunden. <\/p>\n\n\n\n<p>Da hilft auch keine Ungeduld.<\/p>\n\n\n\n<p>Bei Allen, die f\u00fcr den ungl\u00fccklichen Abschluss unseres Stra\u00dfenlaufes Verst\u00e4ndnis hatten, bedanken wir uns.<\/p>\n\n\n\n<p>Das Team aus dem Wettkampfb\u00fcro<\/p>\n\n\n\n<hr class=\"wp-block-separator\"\/>\n\n\n\n<p class=\"has-medium-font-size\"><em><strong>HNA Vorbericht<\/strong><\/em><\/p>\n\n\n\n<figure class=\"wp-block-image\"><img decoding=\"async\" src=\"https:\/\/strassenlauf.files.wordpress.com\/2019\/03\/img_0002.jpg\" alt=\"\" class=\"wp-image-463\"\/><\/figure>\n","protected":false},"excerpt":{"rendered":"<p>Strassenlauf Start der Bambinis am 31.03.2019 Elektronische Zeitmessung versagte beim Hauptlauf: Dummerweise l\u00e4uft nicht immer alles so, wie man es geplant hat. Leider versagte am Wettkampftag die Technik. Doch Dank hervorragendem Einsatz unserer Wettkampfrichter und Helfer an der Strecke konnten &hellip; <a href=\"https:\/\/leichtathletik-in-frankenberg.de\/?page_id=72\">Weiterlesen <span class=\"meta-nav\">&rarr;<\/span><\/a><\/p>\n","protected":false},"author":1,"featured_media":0,"parent":58,"menu_order":0,"comment_status":"closed","ping_status":"closed","template":"","meta":{"footnotes":""},"class_list":["post-72","page","type-page","status-publish","hentry"],"jetpack_sharing_enabled":true,"_links":{"self":[{"href":"https:\/\/leichtathletik-in-frankenberg.de\/index.php?rest_route=\/wp\/v2\/pages\/72","targetHints":{"allow":["GET"]}}],"collection":[{"href":"https:\/\/leichtathletik-in-frankenberg.de\/index.php?rest_route=\/wp\/v2\/pages"}],"about":[{"href":"https:\/\/leichtathletik-in-frankenberg.de\/index.php?rest_route=\/wp\/v2\/types\/page"}],"author":[{"embeddable":true,"href":"https:\/\/leichtathletik-in-frankenberg.de\/index.php?rest_route=\/wp\/v2\/users\/1"}],"replies":[{"embeddable":true,"href":"https:\/\/leichtathletik-in-frankenberg.de\/index.php?rest_route=%2Fwp%2Fv2%2Fcomments&post=72"}],"version-history":[{"count":10,"href":"https:\/\/leichtathletik-in-frankenberg.de\/index.php?rest_route=\/wp\/v2\/pages\/72\/revisions"}],"predecessor-version":[{"id":1344,"href":"https:\/\/leichtathletik-in-frankenberg.de\/index.php?rest_route=\/wp\/v2\/pages\/72\/revisions\/1344"}],"up":[{"embeddable":true,"href":"https:\/\/leichtathletik-in-frankenberg.de\/index.php?rest_route=\/wp\/v2\/pages\/58"}],"wp:attachment":[{"href":"https:\/\/leichtathletik-in-frankenberg.de\/index.php?rest_route=%2Fwp%2Fv2%2Fmedia&parent=72"}],"curies":[{"name":"wp","href":"https:\/\/api.w.org\/{rel}","templated":true}]}}