{"id":2964,"date":"2023-12-21T12:14:33","date_gmt":"2023-12-21T12:14:33","guid":{"rendered":"https:\/\/leichtathletik-in-frankenberg.de\/?page_id=2964"},"modified":"2025-07-20T16:33:28","modified_gmt":"2025-07-20T16:33:28","slug":"aufwandsentschaedigungen","status":"publish","type":"page","link":"https:\/\/leichtathletik-in-frankenberg.de\/?page_id=2964","title":{"rendered":"Aufwandsentsch\u00e4digungen"},"content":{"rendered":"\n<p class=\"has-medium-font-size\">Hier kannst Du nachlesen, wann Dir Aufwendungen erstattet werden und im welchen Umfang:<\/p>\n\n\n\n<p><a href=\"https:\/\/leichtathletik-in-frankenberg.de\/wp-content\/uploads\/2025\/07\/Regularien-Aufwandsentschaedigungen-2025.pdf\" target=\"_blank\" rel=\"noreferrer noopener\">Regularien der Abteilung f\u00fcr Aufwandsentsch\u00e4digungen<\/a><\/p>\n\n\n\n<p class=\"has-medium-font-size\">Um Aufwendungen geltend zu machen, musst Du unser Formular verwenden !<\/p>\n\n\n\n<p>Ich bin digital unterwegs und f\u00fclle das Formular auf meinem Ger\u00e4t aus:<\/p>\n\n\n\n<p><a href=\"https:\/\/leichtathletik-in-frankenberg.de\/wp-content\/uploads\/2025\/07\/Antrag-auf-Kostenerstattung.xlsx\" target=\"_blank\" rel=\"noreferrer noopener\">Formular als Excel-Tabelle<\/a><\/p>\n\n\n\n<p>Ich f\u00fclle das Formular lieber handschriftlich aus.<\/p>\n\n\n\n<p><a href=\"https:\/\/leichtathletik-in-frankenberg.de\/wp-content\/uploads\/2025\/07\/Antrag-auf-Kostenerstattung-Printversion.pdf\">Formular als PDF-Datei<\/a><\/p>\n\n\n\n<p><\/p>\n","protected":false},"excerpt":{"rendered":"<p>Hier kannst Du nachlesen, wann Dir Aufwendungen erstattet werden und im welchen Umfang: Regularien der Abteilung f\u00fcr Aufwandsentsch\u00e4digungen Um Aufwendungen geltend zu machen, musst Du unser Formular verwenden ! Ich bin digital unterwegs und f\u00fclle das Formular auf meinem Ger\u00e4t &hellip; <a href=\"https:\/\/leichtathletik-in-frankenberg.de\/?page_id=2964\">Weiterlesen <span class=\"meta-nav\">&rarr;<\/span><\/a><\/p>\n","protected":false},"author":1,"featured_media":0,"parent":111,"menu_order":0,"comment_status":"closed","ping_status":"closed","template":"","meta":{"footnotes":""},"class_list":["post-2964","page","type-page","status-publish","hentry"],"jetpack_sharing_enabled":true,"_links":{"self":[{"href":"https:\/\/leichtathletik-in-frankenberg.de\/index.php?rest_route=\/wp\/v2\/pages\/2964","targetHints":{"allow":["GET"]}}],"collection":[{"href":"https:\/\/leichtathletik-in-frankenberg.de\/index.php?rest_route=\/wp\/v2\/pages"}],"about":[{"href":"https:\/\/leichtathletik-in-frankenberg.de\/index.php?rest_route=\/wp\/v2\/types\/page"}],"author":[{"embeddable":true,"href":"https:\/\/leichtathletik-in-frankenberg.de\/index.php?rest_route=\/wp\/v2\/users\/1"}],"replies":[{"embeddable":true,"href":"https:\/\/leichtathletik-in-frankenberg.de\/index.php?rest_route=%2Fwp%2Fv2%2Fcomments&post=2964"}],"version-history":[{"count":12,"href":"https:\/\/leichtathletik-in-frankenberg.de\/index.php?rest_route=\/wp\/v2\/pages\/2964\/revisions"}],"predecessor-version":[{"id":3778,"href":"https:\/\/leichtathletik-in-frankenberg.de\/index.php?rest_route=\/wp\/v2\/pages\/2964\/revisions\/3778"}],"up":[{"embeddable":true,"href":"https:\/\/leichtathletik-in-frankenberg.de\/index.php?rest_route=\/wp\/v2\/pages\/111"}],"wp:attachment":[{"href":"https:\/\/leichtathletik-in-frankenberg.de\/index.php?rest_route=%2Fwp%2Fv2%2Fmedia&parent=2964"}],"curies":[{"name":"wp","href":"https:\/\/api.w.org\/{rel}","templated":true}]}}