{"id":267,"date":"2019-05-18T12:07:55","date_gmt":"2019-05-18T12:07:55","guid":{"rendered":"http:\/\/leichtathletik-in-frankenberg.de\/?page_id=267"},"modified":"2025-04-13T18:56:34","modified_gmt":"2025-04-13T18:56:34","slug":"trainingszeiten-winter","status":"publish","type":"page","link":"https:\/\/leichtathletik-in-frankenberg.de\/?page_id=267","title":{"rendered":"Training Winter"},"content":{"rendered":"\n<p class=\"has-text-align-left\">Unsere Trainingsgruppen sind altersgerecht aufgebaut, die \u00dcberg\u00e4nge zwischen den Altersklassen gestalten wir harmonisch und individuell auf die Athleten und die Trainingsgruppe angepasst. Die Trainingsinhalte sind aufeinander abgestimmt und f\u00fchren von allgemeiner Entwicklung der Koordination und Schnelligkeit der Kinder bis hin zum Leistungsorientierten Training der Sprint-\/Sprung und Wurfteams.  <\/p>\n\n\n\n<p>So entwickeln wir unsere Athleten kontinuierlich und altersgerecht &#8211; der Spa\u00df kommt dabei nicht zu kurz. Und die Erfolge k\u00f6nnen sich auch sehen lassen, alleine \u00fcber 50 Hessische Meistertitel in den letzten Jahren.<\/p>\n\n\n\n<h2 class=\"wp-block-heading\"><strong><em>Info Vorab:<\/em><\/strong><\/h2>\n\n\n\n<p>Melden Sie sich bitte bei Interesse vorab an, damit Sie auch sicher sein k\u00f6nnen, dass Sie die richtigen Trainer und Gruppen antreffen!<\/p>\n\n\n\n<p>Mail: Leichtathletikfkb(at)Gmail.com<\/p>\n\n\n\n<h2 class=\"wp-block-heading\"><strong><em>Zeiten:<\/em><\/strong><\/h2>\n\n\n\n<h2 class=\"wp-block-heading\">> Jugend (ab 14), Aktive und Senioren<\/h2>\n\n\n\n<p class=\"has-text-align-right\">Dienstag 18-20 Uhr Gro\u00dfsporthalle<\/p>\n\n\n\n<h2 class=\"wp-block-heading\">> Jugend U14<\/h2>\n\n\n\n<p class=\"has-text-align-right\">Freitag 18:30-20 Uhr Gro\u00dfsporthalle<\/p>\n\n\n\n<h2 class=\"wp-block-heading\">> Jugend U12, U10 und U8<\/h2>\n\n\n\n<p class=\"has-text-align-right\">Freitags (Voranmeldung unbedingt erforderlich)<\/p>\n","protected":false},"excerpt":{"rendered":"<p>Unsere Trainingsgruppen sind altersgerecht aufgebaut, die \u00dcberg\u00e4nge zwischen den Altersklassen gestalten wir harmonisch und individuell auf die Athleten und die Trainingsgruppe angepasst. Die Trainingsinhalte sind aufeinander abgestimmt und f\u00fchren von allgemeiner Entwicklung der Koordination und Schnelligkeit der Kinder bis hin &hellip; <a href=\"https:\/\/leichtathletik-in-frankenberg.de\/?page_id=267\">Weiterlesen <span class=\"meta-nav\">&rarr;<\/span><\/a><\/p>\n","protected":false},"author":1,"featured_media":0,"parent":720,"menu_order":0,"comment_status":"closed","ping_status":"closed","template":"","meta":{"footnotes":""},"class_list":["post-267","page","type-page","status-publish","hentry"],"jetpack_sharing_enabled":true,"_links":{"self":[{"href":"https:\/\/leichtathletik-in-frankenberg.de\/index.php?rest_route=\/wp\/v2\/pages\/267","targetHints":{"allow":["GET"]}}],"collection":[{"href":"https:\/\/leichtathletik-in-frankenberg.de\/index.php?rest_route=\/wp\/v2\/pages"}],"about":[{"href":"https:\/\/leichtathletik-in-frankenberg.de\/index.php?rest_route=\/wp\/v2\/types\/page"}],"author":[{"embeddable":true,"href":"https:\/\/leichtathletik-in-frankenberg.de\/index.php?rest_route=\/wp\/v2\/users\/1"}],"replies":[{"embeddable":true,"href":"https:\/\/leichtathletik-in-frankenberg.de\/index.php?rest_route=%2Fwp%2Fv2%2Fcomments&post=267"}],"version-history":[{"count":13,"href":"https:\/\/leichtathletik-in-frankenberg.de\/index.php?rest_route=\/wp\/v2\/pages\/267\/revisions"}],"predecessor-version":[{"id":3576,"href":"https:\/\/leichtathletik-in-frankenberg.de\/index.php?rest_route=\/wp\/v2\/pages\/267\/revisions\/3576"}],"up":[{"embeddable":true,"href":"https:\/\/leichtathletik-in-frankenberg.de\/index.php?rest_route=\/wp\/v2\/pages\/720"}],"wp:attachment":[{"href":"https:\/\/leichtathletik-in-frankenberg.de\/index.php?rest_route=%2Fwp%2Fv2%2Fmedia&parent=267"}],"curies":[{"name":"wp","href":"https:\/\/api.w.org\/{rel}","templated":true}]}}