{"id":115,"date":"2019-05-17T16:44:51","date_gmt":"2019-05-17T16:44:51","guid":{"rendered":"http:\/\/leichtathletik-in-frankenberg.de\/?page_id=115"},"modified":"2025-04-13T19:07:24","modified_gmt":"2025-04-13T19:07:24","slug":"vorstand","status":"publish","type":"page","link":"https:\/\/leichtathletik-in-frankenberg.de\/?page_id=115","title":{"rendered":"Vorstand"},"content":{"rendered":"\n<h3 class=\"wp-block-heading\" id=\"sites-page-title-header\">Vorstand der Leichtathletik-Abteilung<\/h3>\n\n\n\n<p>&nbsp;<\/p>\n\n\n\n<figure class=\"wp-block-image size-large\"><img loading=\"lazy\" decoding=\"async\" width=\"1024\" height=\"683\" src=\"https:\/\/leichtathletik-in-frankenberg.de\/wp-content\/uploads\/2025\/04\/JHV-2025-2-1024x683.jpg\" alt=\"\" class=\"wp-image-3546\" srcset=\"https:\/\/leichtathletik-in-frankenberg.de\/wp-content\/uploads\/2025\/04\/JHV-2025-2-1024x683.jpg 1024w, https:\/\/leichtathletik-in-frankenberg.de\/wp-content\/uploads\/2025\/04\/JHV-2025-2-300x200.jpg 300w, https:\/\/leichtathletik-in-frankenberg.de\/wp-content\/uploads\/2025\/04\/JHV-2025-2-768x512.jpg 768w, https:\/\/leichtathletik-in-frankenberg.de\/wp-content\/uploads\/2025\/04\/JHV-2025-2-1536x1024.jpg 1536w, https:\/\/leichtathletik-in-frankenberg.de\/wp-content\/uploads\/2025\/04\/JHV-2025-2-2048x1365.jpg 2048w, https:\/\/leichtathletik-in-frankenberg.de\/wp-content\/uploads\/2025\/04\/JHV-2025-2-450x300.jpg 450w\" sizes=\"auto, (max-width: 1024px) 100vw, 1024px\" \/><\/figure>\n\n\n\n<figure class=\"wp-block-table is-style-stripes\"><table><tbody><tr><td><strong>Schriftf\u00fchrer:<\/strong> Timo Siegfried<\/td><td><\/td><\/tr><tr><td><strong>Sch\u00fcler und Jugendsprecherin: <\/strong>Lara Bornscheuer<\/td><td><\/td><\/tr><tr><td><strong>Sportwartin:<\/strong> Stine Bergh\u00f6fer<\/td><td><\/td><\/tr><tr><td><strong>Abteilungsleiter:<\/strong> Till Vollmar<\/td><td><\/td><\/tr><tr><td><strong>Seniorensprecherin:<\/strong> Kristin Neumann<\/td><td><\/td><\/tr><tr><td> <strong>Kassenwart:<\/strong> Mario Cramer     <\/td><td><\/td><\/tr><tr><td><strong>Aktivensprecherin:<\/strong> Kim-Zoe Langendorf (nicht auf dem Bild)<\/td><td><\/td><\/tr><\/tbody><\/table><\/figure>\n\n\n\n<p>Kontakt: info@leichtathletik-in-frankenberg.de<\/p>\n","protected":false},"excerpt":{"rendered":"<p>Vorstand der Leichtathletik-Abteilung &nbsp; Schriftf\u00fchrer: Timo Siegfried Sch\u00fcler und Jugendsprecherin: Lara Bornscheuer Sportwartin: Stine Bergh\u00f6fer Abteilungsleiter: Till Vollmar Seniorensprecherin: Kristin Neumann Kassenwart: Mario Cramer Aktivensprecherin: Kim-Zoe Langendorf (nicht auf dem Bild) Kontakt: info@leichtathletik-in-frankenberg.de<\/p>\n","protected":false},"author":1,"featured_media":0,"parent":111,"menu_order":0,"comment_status":"closed","ping_status":"closed","template":"","meta":{"footnotes":""},"class_list":["post-115","page","type-page","status-publish","hentry"],"jetpack_sharing_enabled":true,"_links":{"self":[{"href":"https:\/\/leichtathletik-in-frankenberg.de\/index.php?rest_route=\/wp\/v2\/pages\/115","targetHints":{"allow":["GET"]}}],"collection":[{"href":"https:\/\/leichtathletik-in-frankenberg.de\/index.php?rest_route=\/wp\/v2\/pages"}],"about":[{"href":"https:\/\/leichtathletik-in-frankenberg.de\/index.php?rest_route=\/wp\/v2\/types\/page"}],"author":[{"embeddable":true,"href":"https:\/\/leichtathletik-in-frankenberg.de\/index.php?rest_route=\/wp\/v2\/users\/1"}],"replies":[{"embeddable":true,"href":"https:\/\/leichtathletik-in-frankenberg.de\/index.php?rest_route=%2Fwp%2Fv2%2Fcomments&post=115"}],"version-history":[{"count":18,"href":"https:\/\/leichtathletik-in-frankenberg.de\/index.php?rest_route=\/wp\/v2\/pages\/115\/revisions"}],"predecessor-version":[{"id":3582,"href":"https:\/\/leichtathletik-in-frankenberg.de\/index.php?rest_route=\/wp\/v2\/pages\/115\/revisions\/3582"}],"up":[{"embeddable":true,"href":"https:\/\/leichtathletik-in-frankenberg.de\/index.php?rest_route=\/wp\/v2\/pages\/111"}],"wp:attachment":[{"href":"https:\/\/leichtathletik-in-frankenberg.de\/index.php?rest_route=%2Fwp%2Fv2%2Fmedia&parent=115"}],"curies":[{"name":"wp","href":"https:\/\/api.w.org\/{rel}","templated":true}]}}